{"id":11850,"date":"2016-06-24T12:08:02","date_gmt":"2016-06-24T12:08:02","guid":{"rendered":"http:\/\/template.cmsmasters.net\/?page_id=11850"},"modified":"2023-09-14T12:54:14","modified_gmt":"2023-09-14T18:54:14","slug":"contactanos","status":"publish","type":"page","link":"https:\/\/ginocchiogaleria.com\/mx\/contactanos\/","title":{"rendered":"Cont\u00e1ctanos"},"content":{"rendered":"\t\t<div data-elementor-type=\"wp-page\" data-elementor-id=\"11850\" class=\"elementor elementor-11850\" data-elementor-post-type=\"page\">\n\t\t\t\t<div class=\"elementor-element elementor-element-0a61c7b e-con-full e-flex e-con e-parent\" data-id=\"0a61c7b\" data-element_type=\"container\" data-e-type=\"container\" data-settings=\"{&quot;background_background&quot;:&quot;classic&quot;}\">\n\t\t<div class=\"elementor-element elementor-element-73aeee6 e-con-full e-flex e-con e-child\" data-id=\"73aeee6\" data-element_type=\"container\" data-e-type=\"container\">\n\t\t\t\t<div class=\"elementor-element elementor-element-a91a7fa elementor-widget elementor-widget-html\" data-id=\"a91a7fa\" data-element_type=\"widget\" data-e-type=\"widget\" data-widget_type=\"html.default\">\n\t\t\t\t<div class=\"elementor-widget-container\">\n\t\t\t\t\t<iframe data-src=\"https:\/\/www.google.com\/maps\/embed?pb=!1m18!1m12!1m3!1d3762.4674883491043!2d-99.19546980815595!3d19.435401093788435!2m3!1f0!2f0!3f0!3m2!1i1024!2i768!4f13.1!3m3!1m2!1s0x85d20200bb5af0e1%3A0x1dda4c374b739e8b!2sKaif%20S.A.%20de%20C.V.!5e0!3m2!1sen!2smx!4v1694717587124!5m2!1sen!2smx\" width=\"400\" height=\"300\" style=\"border:0;\" allowfullscreen=\"\" referrerpolicy=\"no-referrer-when-downgrade\" src=\"data:image\/gif;base64,R0lGODlhAQABAAAAACH5BAEKAAEALAAAAAABAAEAAAICTAEAOw==\" class=\"lazyload\" data-load-mode=\"1\"><\/iframe>\t\t\t\t<\/div>\n\t\t\t\t<\/div>\n\t\t\t\t<div class=\"elementor-element elementor-element-0ac4cd5 elementor-widget elementor-widget-heading\" data-id=\"0ac4cd5\" data-element_type=\"widget\" data-e-type=\"widget\" data-widget_type=\"heading.default\">\n\t\t\t\t<div class=\"elementor-widget-container\">\n\t\t\t\t\t<h3 class=\"elementor-heading-title elementor-size-default\">Galer\u00eda Ciudad de M\u00e9xico<\/h3>\t\t\t\t<\/div>\n\t\t\t\t<\/div>\n\t\t\t\t<div class=\"elementor-element elementor-element-c6426ac elementor-widget elementor-widget-text-editor\" data-id=\"c6426ac\" data-element_type=\"widget\" data-e-type=\"widget\" data-widget_type=\"text-editor.default\">\n\t\t\t\t<div class=\"elementor-widget-container\">\n\t\t\t\t\t\t\t\t\t<div id=\"cmsmasters_heading_su368sn1p\" class=\"cmsmasters_heading_wrap cmsmasters_heading_align_left\"><h6 class=\"cmsmasters_heading\">Ubicaci\u00f3n<\/h6><\/div><p>Direcci\u00f3n: Arqu\u00edmedes 175,<br \/>Polanco, 11570, Ciudad de M\u00e9xico.<\/p><div id=\"cmsmasters_heading_v0jids02wk\" class=\"cmsmasters_heading_wrap cmsmasters_heading_align_left\"><h6 class=\"cmsmasters_heading\">Tel\u00e9fono<\/h6><\/div><p>+52 55 5255-5700<\/p>\t\t\t\t\t\t\t\t<\/div>\n\t\t\t\t<\/div>\n\t\t\t\t<div class=\"elementor-element elementor-element-2ccf995 elementor-widget elementor-widget-google_maps\" data-id=\"2ccf995\" data-element_type=\"widget\" data-e-type=\"widget\" data-widget_type=\"google_maps.default\">\n\t\t\t\t<div class=\"elementor-widget-container\">\n\t\t\t\t\t\t\t<div class=\"elementor-custom-embed\">\n\t\t\t<iframe\n\t\t\t\t\tdata-src=\"https:\/\/maps.google.com\/maps?q=Galer%C3%ADa%20Alfredo%20Ginocchio%20Los%20Cabos&#038;t=m&#038;z=10&#038;output=embed&#038;iwloc=near\"\n\t\t\t\t\ttitle=\"Galer\u00eda Alfredo Ginocchio Los Cabos\"\n\t\t\t\t\taria-label=\"Galer\u00eda Alfredo Ginocchio Los Cabos\"\n\t\t\t src=\"data:image\/gif;base64,R0lGODlhAQABAAAAACH5BAEKAAEALAAAAAABAAEAAAICTAEAOw==\" class=\"lazyload\" data-load-mode=\"1\"><\/iframe>\n\t\t<\/div>\n\t\t\t\t\t\t<\/div>\n\t\t\t\t<\/div>\n\t\t\t\t<div class=\"elementor-element elementor-element-9dce3fc elementor-widget elementor-widget-heading\" data-id=\"9dce3fc\" data-element_type=\"widget\" data-e-type=\"widget\" data-widget_type=\"heading.default\">\n\t\t\t\t<div class=\"elementor-widget-container\">\n\t\t\t\t\t<h3 class=\"elementor-heading-title elementor-size-default\">Galer\u00eda Los Cabos<\/h3>\t\t\t\t<\/div>\n\t\t\t\t<\/div>\n\t\t\t\t<div class=\"elementor-element elementor-element-5207df5 elementor-widget elementor-widget-text-editor\" data-id=\"5207df5\" data-element_type=\"widget\" data-e-type=\"widget\" data-widget_type=\"text-editor.default\">\n\t\t\t\t<div class=\"elementor-widget-container\">\n\t\t\t\t\t\t\t\t\t<div id=\"cmsmasters_heading_su368sn1p\" class=\"cmsmasters_heading_wrap cmsmasters_heading_align_left\"><h6 class=\"cmsmasters_heading\">Ubicaci\u00f3n<\/h6><\/div><p>Carr. Transpeninsular, Bv. Cerro Colorado Km. 24.5, 23400 San Jos\u00e9 del Cabo, B.C.S.<\/p><div id=\"cmsmasters_heading_v0jids02wk\" class=\"cmsmasters_heading_wrap cmsmasters_heading_align_left\"><h6 class=\"cmsmasters_heading\">Tel\u00e9fono<\/h6><\/div><p>+52 624 184 1206<\/p>\t\t\t\t\t\t\t\t<\/div>\n\t\t\t\t<\/div>\n\t\t\t\t<\/div>\n\t\t<div class=\"elementor-element elementor-element-1bc4f8c e-flex e-con-boxed e-con e-child\" data-id=\"1bc4f8c\" data-element_type=\"container\" data-e-type=\"container\">\n\t\t\t\t\t<div class=\"e-con-inner\">\n\t\t\t\t<div class=\"elementor-element elementor-element-50b8a8d elementor-widget elementor-widget-heading\" data-id=\"50b8a8d\" data-element_type=\"widget\" data-e-type=\"widget\" data-widget_type=\"heading.default\">\n\t\t\t\t<div class=\"elementor-widget-container\">\n\t\t\t\t\t<h3 class=\"elementor-heading-title elementor-size-default\">Escr\u00edbenos<\/h3>\t\t\t\t<\/div>\n\t\t\t\t<\/div>\n\t\t\t\t<div class=\"elementor-element elementor-element-a89d95e elementor-widget elementor-widget-wpforms\" data-id=\"a89d95e\" data-element_type=\"widget\" data-e-type=\"widget\" data-widget_type=\"wpforms.default\">\n\t\t\t\t<div class=\"elementor-widget-container\">\n\t\t\t\t\t<div class=\"wpforms-container wpforms-container-full wpforms-render-modern\" id=\"wpforms-15606\"><form id=\"wpforms-form-15606\" class=\"wpforms-validate wpforms-form wpforms-ajax-form\" data-formid=\"15606\" method=\"post\" enctype=\"multipart\/form-data\" action=\"\/mx\/wp-json\/wp\/v2\/pages\/11850\" data-token=\"bea73569c794c97a8e16a2945a3242c6\" data-token-time=\"1777874215\"><noscript class=\"wpforms-error-noscript\">Por favor, activa JavaScript en tu navegador para completar este formulario.<\/noscript><div id=\"wpforms-error-noscript\" style=\"display: none;\">Por favor, activa JavaScript en tu navegador para completar este formulario.<\/div><div class=\"wpforms-field-container\"><div id=\"wpforms-15606-field_0-container\" class=\"wpforms-field wpforms-field-name\" data-field-id=\"0\"><fieldset><legend class=\"wpforms-field-label\">Nombre <span class=\"wpforms-required-label\" aria-hidden=\"true\">*<\/span><\/legend><div class=\"wpforms-field-row wpforms-field-large\"><div class=\"wpforms-field-row-block wpforms-first wpforms-one-half\"><input type=\"text\" id=\"wpforms-15606-field_0\" class=\"wpforms-field-name-first wpforms-field-required\" name=\"wpforms[fields][0][first]\" aria-errormessage=\"wpforms-15606-field_0-error\" required><label for=\"wpforms-15606-field_0\" class=\"wpforms-field-sublabel after\">Nombre<\/label><\/div><div class=\"wpforms-field-row-block wpforms-one-half\"><input type=\"text\" id=\"wpforms-15606-field_0-last\" class=\"wpforms-field-name-last wpforms-field-required\" name=\"wpforms[fields][0][last]\" aria-errormessage=\"wpforms-15606-field_0-last-error\" required><label for=\"wpforms-15606-field_0-last\" class=\"wpforms-field-sublabel after\">Apellidos<\/label><\/div><\/div><\/fieldset><\/div><div id=\"wpforms-15606-field_1-container\" class=\"wpforms-field wpforms-field-email\" data-field-id=\"1\"><label class=\"wpforms-field-label\" for=\"wpforms-15606-field_1\">Correo electr\u00f3nico <span class=\"wpforms-required-label\" aria-hidden=\"true\">*<\/span><\/label><input type=\"email\" id=\"wpforms-15606-field_1\" class=\"wpforms-field-medium wpforms-field-required\" name=\"wpforms[fields][1]\" spellcheck=\"false\" aria-errormessage=\"wpforms-15606-field_1-error\" required><\/div><div id=\"wpforms-15606-field_2-container\" class=\"wpforms-field wpforms-field-textarea\" data-field-id=\"2\"><label class=\"wpforms-field-label\" for=\"wpforms-15606-field_2\">Comentario o mensaje<\/label><textarea id=\"wpforms-15606-field_2\" class=\"wpforms-field-medium\" name=\"wpforms[fields][2]\" aria-errormessage=\"wpforms-15606-field_2-error\" ><\/textarea><\/div><\/div><!-- .wpforms-field-container --><div class=\"wpforms-submit-container\" ><input type=\"hidden\" name=\"wpforms[id]\" value=\"15606\"><input type=\"hidden\" name=\"page_title\" value=\"\"><input type=\"hidden\" name=\"page_url\" value=\"https:\/\/ginocchiogaleria.com\/mx\/wp-json\/wp\/v2\/pages\/11850\"><input type=\"hidden\" name=\"url_referer\" value=\"\"><button type=\"submit\" name=\"wpforms[submit]\" id=\"wpforms-submit-15606\" class=\"wpforms-submit\" data-alt-text=\"Enviando...\" data-submit-text=\"Enviar\" aria-live=\"assertive\" value=\"wpforms-submit\">Enviar<\/button><img decoding=\"async\" data-src=\"https:\/\/ginocchiogaleria.com\/mx\/wp-content\/plugins\/wpforms-lite\/assets\/images\/submit-spin.svg\" class=\"wpforms-submit-spinner lazyload\" style=\"--smush-placeholder-width: 26px; --smush-placeholder-aspect-ratio: 26\/26;display: none;\" width=\"26\" height=\"26\" alt=\"Cargando\" src=\"data:image\/gif;base64,R0lGODlhAQABAAAAACH5BAEKAAEALAAAAAABAAEAAAICTAEAOw==\"><\/div><\/form><\/div>  <!-- .wpforms-container -->\t\t\t\t<\/div>\n\t\t\t\t<\/div>\n\t\t\t\t\t<\/div>\n\t\t\t\t<\/div>\n\t\t\t\t<\/div>\n\t\t\t\t<\/div>\n\t\t","protected":false},"excerpt":{"rendered":"<p>Galer\u00eda Ciudad de M\u00e9xico Ubicaci\u00f3n Direcci\u00f3n: Arqu\u00edmedes 175,Polanco, 11570, Ciudad de M\u00e9xico. Tel\u00e9fono +52 55 5255-5700 Galer\u00eda Los Cabos Ubicaci\u00f3n Carr. Transpeninsular, Bv. Cerro Colorado Km. 24.5, 23400 San Jos\u00e9&#8230;<\/p>\n","protected":false},"author":1,"featured_media":0,"parent":0,"menu_order":0,"comment_status":"closed","ping_status":"closed","template":"elementor_header_footer","meta":{"footnotes":""},"class_list":["post-11850","page","type-page","status-publish","hentry"],"_links":{"self":[{"href":"https:\/\/ginocchiogaleria.com\/mx\/wp-json\/wp\/v2\/pages\/11850","targetHints":{"allow":["GET"]}}],"collection":[{"href":"https:\/\/ginocchiogaleria.com\/mx\/wp-json\/wp\/v2\/pages"}],"about":[{"href":"https:\/\/ginocchiogaleria.com\/mx\/wp-json\/wp\/v2\/types\/page"}],"author":[{"embeddable":true,"href":"https:\/\/ginocchiogaleria.com\/mx\/wp-json\/wp\/v2\/users\/1"}],"replies":[{"embeddable":true,"href":"https:\/\/ginocchiogaleria.com\/mx\/wp-json\/wp\/v2\/comments?post=11850"}],"version-history":[{"count":47,"href":"https:\/\/ginocchiogaleria.com\/mx\/wp-json\/wp\/v2\/pages\/11850\/revisions"}],"predecessor-version":[{"id":16566,"href":"https:\/\/ginocchiogaleria.com\/mx\/wp-json\/wp\/v2\/pages\/11850\/revisions\/16566"}],"wp:attachment":[{"href":"https:\/\/ginocchiogaleria.com\/mx\/wp-json\/wp\/v2\/media?parent=11850"}],"curies":[{"name":"wp","href":"https:\/\/api.w.org\/{rel}","templated":true}]}}